{"id":21458,"date":"2016-07-01T11:18:06","date_gmt":"2016-07-01T09:18:06","guid":{"rendered":"http:\/\/www.aquamare.org\/fr\/?page_id=21458"},"modified":"2016-07-06T14:41:24","modified_gmt":"2016-07-06T12:41:24","slug":"chambres","status":"publish","type":"page","link":"https:\/\/www.aquamare.org\/fr\/chambres\/","title":{"rendered":"Chambres"},"content":{"rendered":"<p>[vc_row row_type=\u00a0\u00bbrow\u00a0\u00bb use_row_as_full_screen_section=\u00a0\u00bbno\u00a0\u00bb type=\u00a0\u00bbgrid\u00a0\u00bb text_align=\u00a0\u00bbleft\u00a0\u00bb background_color=\u00a0\u00bb#dfeee7&Prime; padding_top=\u00a0\u00bb40&Prime; css_animation=\u00a0\u00bb\u00a0\u00bb][vc_column width=\u00a0\u00bb1\/2&Prime;][vc_column_text]Ce qui fait l&rsquo;originalit\u00e9 de la d\u00e9coration des chambres c&rsquo;est la nuance vert d\u2019eau de la lagune, cr\u00e9ant ainsi une ambiance familiale et raffin\u00e9e o\u00f9 les pr\u00e9cieux tissus de la collection Rubelli fusionnent parfaitement avec les lignes classiques et \u00e9l\u00e9gantes des compl\u00e9ments d&rsquo;ameublement sign\u00e9s Kartell.<\/p>\n<p>&nbsp;<\/p>\n<p>Toutes nos chambres sont \u00e9quip\u00e9es de salle de bain avec grande douche, produits d&rsquo;accueil, s\u00e8che-cheveux, acc\u00e8s internet wifi gratuit, climatisation avec contr\u00f4le individuel de la temp\u00e9rature, t\u00e9l\u00e9vision \u00e0 \u00e9cran LCD, coffre-fort, bouilloire.[\/vc_column_text][\/vc_column][vc_column width=\u00a0\u00bb1\/2&Prime;][vc_gallery type=\u00a0\u00bbflexslider_slide\u00a0\u00bb interval=\u00a0\u00bb3&Prime; images=\u00a0\u00bb21417,21420,21421,21263,21245&Prime; img_size=\u00a0\u00bblarge\u00a0\u00bb frame=\u00a0\u00bbno\u00a0\u00bb][\/vc_column][\/vc_row][vc_row row_type=\u00a0\u00bbrow\u00a0\u00bb use_row_as_full_screen_section=\u00a0\u00bbno\u00a0\u00bb type=\u00a0\u00bbgrid\u00a0\u00bb text_align=\u00a0\u00bbcenter\u00a0\u00bb padding_top=\u00a0\u00bb50&Prime; padding_bottom=\u00a0\u00bb50&Prime; css_animation=\u00a0\u00bb\u00a0\u00bb][vc_column][vc_gallery type=\u00a0\u00bbimage_grid\u00a0\u00bb images=\u00a0\u00bb21417,21420,21421,21418,21276,21270,21422,21247&Prime; column_number=\u00a0\u00bb4&Prime; grayscale=\u00a0\u00bbno\u00a0\u00bb space_between_images=\u00a0\u00bbyes\u00a0\u00bb css=\u00a0\u00bb.vc_custom_1467808761654{padding-left: 10px !important;}\u00a0\u00bb][\/vc_column][\/vc_row]<\/p>\n","protected":false},"excerpt":{"rendered":"<p>[vc_row row_type=\u00a0\u00bbrow\u00a0\u00bb use_row_as_full_screen_section=\u00a0\u00bbno\u00a0\u00bb type=\u00a0\u00bbgrid\u00a0\u00bb text_align=\u00a0\u00bbleft\u00a0\u00bb background_color=\u00a0\u00bb#dfeee7&Prime; padding_top=\u00a0\u00bb40&Prime; css_animation=\u00a0\u00bb\u00a0\u00bb][vc_column width=\u00a0\u00bb1\/2&Prime;][vc_column_text]Ce qui fait l&rsquo;originalit\u00e9 de la d\u00e9coration des chambres c&rsquo;est la nuance vert d\u2019eau de la lagune, cr\u00e9ant ainsi une ambiance familiale et raffin\u00e9e o\u00f9 les pr\u00e9cieux tissus de la collection Rubelli fusionnent parfaitement avec les lignes&#8230;<\/p>\n","protected":false},"author":1,"featured_media":0,"parent":0,"menu_order":0,"comment_status":"closed","ping_status":"closed","template":"full_width.php","meta":{"footnotes":""},"yoast_head":"<!-- This site is optimized with the Yoast SEO plugin v17.7.1 - https:\/\/yoast.com\/wordpress\/plugins\/seo\/ -->\n<title>Chambres - Aquamare Boutique B&amp;B Venezia<\/title>\n<meta name=\"robots\" content=\"index, follow, max-snippet:-1, max-image-preview:large, max-video-preview:-1\" \/>\n<link rel=\"canonical\" href=\"https:\/\/www.aquamare.org\/fr\/chambres\/\" \/>\n<meta property=\"og:locale\" content=\"fr_FR\" \/>\n<meta property=\"og:type\" content=\"article\" \/>\n<meta property=\"og:title\" content=\"Chambres - Aquamare Boutique B&amp;B Venezia\" \/>\n<meta property=\"og:description\" content=\"[vc_row row_type=\u00a0\u00bbrow\u00a0\u00bb use_row_as_full_screen_section=\u00a0\u00bbno\u00a0\u00bb type=\u00a0\u00bbgrid\u00a0\u00bb text_align=\u00a0\u00bbleft\u00a0\u00bb background_color=\u00a0\u00bb#dfeee7&Prime; padding_top=\u00a0\u00bb40&Prime; css_animation=\u00a0\u00bb\u00a0\u00bb][vc_column width=\u00a0\u00bb1\/2&Prime;][vc_column_text]Ce qui fait l&rsquo;originalit\u00e9 de la d\u00e9coration des chambres c&rsquo;est la nuance vert d\u2019eau de la lagune, cr\u00e9ant ainsi une ambiance familiale et raffin\u00e9e o\u00f9 les pr\u00e9cieux tissus de la collection Rubelli fusionnent parfaitement avec les lignes...\" \/>\n<meta property=\"og:url\" content=\"https:\/\/www.aquamare.org\/fr\/chambres\/\" \/>\n<meta property=\"og:site_name\" content=\"Aquamare Boutique B&amp;B Venezia\" \/>\n<meta property=\"article:modified_time\" content=\"2016-07-06T12:41:24+00:00\" \/>\n<meta name=\"twitter:card\" content=\"summary\" \/>\n<meta name=\"twitter:label1\" content=\"Dur\u00e9e de lecture estim\u00e9e\" \/>\n\t<meta name=\"twitter:data1\" content=\"1 minute\" \/>\n<script type=\"application\/ld+json\" class=\"yoast-schema-graph\">{\"@context\":\"https:\/\/schema.org\",\"@graph\":[{\"@type\":\"WebSite\",\"@id\":\"https:\/\/www.aquamare.org\/fr\/#website\",\"url\":\"https:\/\/www.aquamare.org\/fr\/\",\"name\":\"Aquamare Boutique B&B Venezia\",\"description\":\"\",\"potentialAction\":[{\"@type\":\"SearchAction\",\"target\":{\"@type\":\"EntryPoint\",\"urlTemplate\":\"https:\/\/www.aquamare.org\/fr\/?s={search_term_string}\"},\"query-input\":\"required name=search_term_string\"}],\"inLanguage\":\"fr-FR\"},{\"@type\":\"WebPage\",\"@id\":\"https:\/\/www.aquamare.org\/fr\/chambres\/#webpage\",\"url\":\"https:\/\/www.aquamare.org\/fr\/chambres\/\",\"name\":\"Chambres - Aquamare Boutique B&B Venezia\",\"isPartOf\":{\"@id\":\"https:\/\/www.aquamare.org\/fr\/#website\"},\"datePublished\":\"2016-07-01T09:18:06+00:00\",\"dateModified\":\"2016-07-06T12:41:24+00:00\",\"breadcrumb\":{\"@id\":\"https:\/\/www.aquamare.org\/fr\/chambres\/#breadcrumb\"},\"inLanguage\":\"fr-FR\",\"potentialAction\":[{\"@type\":\"ReadAction\",\"target\":[\"https:\/\/www.aquamare.org\/fr\/chambres\/\"]}]},{\"@type\":\"BreadcrumbList\",\"@id\":\"https:\/\/www.aquamare.org\/fr\/chambres\/#breadcrumb\",\"itemListElement\":[{\"@type\":\"ListItem\",\"position\":1,\"name\":\"Home\",\"item\":\"https:\/\/www.aquamare.org\/fr\/\"},{\"@type\":\"ListItem\",\"position\":2,\"name\":\"Chambres\"}]}]}<\/script>\n<!-- \/ Yoast SEO plugin. -->","yoast_head_json":{"title":"Chambres - Aquamare Boutique B&B Venezia","robots":{"index":"index","follow":"follow","max-snippet":"max-snippet:-1","max-image-preview":"max-image-preview:large","max-video-preview":"max-video-preview:-1"},"canonical":"https:\/\/www.aquamare.org\/fr\/chambres\/","og_locale":"fr_FR","og_type":"article","og_title":"Chambres - Aquamare Boutique B&B Venezia","og_description":"[vc_row row_type=\u00a0\u00bbrow\u00a0\u00bb use_row_as_full_screen_section=\u00a0\u00bbno\u00a0\u00bb type=\u00a0\u00bbgrid\u00a0\u00bb text_align=\u00a0\u00bbleft\u00a0\u00bb background_color=\u00a0\u00bb#dfeee7&Prime; padding_top=\u00a0\u00bb40&Prime; css_animation=\u00a0\u00bb\u00a0\u00bb][vc_column width=\u00a0\u00bb1\/2&Prime;][vc_column_text]Ce qui fait l&rsquo;originalit\u00e9 de la d\u00e9coration des chambres c&rsquo;est la nuance vert d\u2019eau de la lagune, cr\u00e9ant ainsi une ambiance familiale et raffin\u00e9e o\u00f9 les pr\u00e9cieux tissus de la collection Rubelli fusionnent parfaitement avec les lignes...","og_url":"https:\/\/www.aquamare.org\/fr\/chambres\/","og_site_name":"Aquamare Boutique B&B Venezia","article_modified_time":"2016-07-06T12:41:24+00:00","twitter_card":"summary","twitter_misc":{"Dur\u00e9e de lecture estim\u00e9e":"1 minute"},"schema":{"@context":"https:\/\/schema.org","@graph":[{"@type":"WebSite","@id":"https:\/\/www.aquamare.org\/fr\/#website","url":"https:\/\/www.aquamare.org\/fr\/","name":"Aquamare Boutique B&B Venezia","description":"","potentialAction":[{"@type":"SearchAction","target":{"@type":"EntryPoint","urlTemplate":"https:\/\/www.aquamare.org\/fr\/?s={search_term_string}"},"query-input":"required name=search_term_string"}],"inLanguage":"fr-FR"},{"@type":"WebPage","@id":"https:\/\/www.aquamare.org\/fr\/chambres\/#webpage","url":"https:\/\/www.aquamare.org\/fr\/chambres\/","name":"Chambres - Aquamare Boutique B&B Venezia","isPartOf":{"@id":"https:\/\/www.aquamare.org\/fr\/#website"},"datePublished":"2016-07-01T09:18:06+00:00","dateModified":"2016-07-06T12:41:24+00:00","breadcrumb":{"@id":"https:\/\/www.aquamare.org\/fr\/chambres\/#breadcrumb"},"inLanguage":"fr-FR","potentialAction":[{"@type":"ReadAction","target":["https:\/\/www.aquamare.org\/fr\/chambres\/"]}]},{"@type":"BreadcrumbList","@id":"https:\/\/www.aquamare.org\/fr\/chambres\/#breadcrumb","itemListElement":[{"@type":"ListItem","position":1,"name":"Home","item":"https:\/\/www.aquamare.org\/fr\/"},{"@type":"ListItem","position":2,"name":"Chambres"}]}]}},"_links":{"self":[{"href":"https:\/\/www.aquamare.org\/fr\/wp-json\/wp\/v2\/pages\/21458"}],"collection":[{"href":"https:\/\/www.aquamare.org\/fr\/wp-json\/wp\/v2\/pages"}],"about":[{"href":"https:\/\/www.aquamare.org\/fr\/wp-json\/wp\/v2\/types\/page"}],"author":[{"embeddable":true,"href":"https:\/\/www.aquamare.org\/fr\/wp-json\/wp\/v2\/users\/1"}],"replies":[{"embeddable":true,"href":"https:\/\/www.aquamare.org\/fr\/wp-json\/wp\/v2\/comments?post=21458"}],"version-history":[{"count":2,"href":"https:\/\/www.aquamare.org\/fr\/wp-json\/wp\/v2\/pages\/21458\/revisions"}],"predecessor-version":[{"id":21557,"href":"https:\/\/www.aquamare.org\/fr\/wp-json\/wp\/v2\/pages\/21458\/revisions\/21557"}],"wp:attachment":[{"href":"https:\/\/www.aquamare.org\/fr\/wp-json\/wp\/v2\/media?parent=21458"}],"curies":[{"name":"wp","href":"https:\/\/api.w.org\/{rel}","templated":true}]}}